{"id":8065,"date":"2019-08-22T11:45:07","date_gmt":"2019-08-22T09:45:07","guid":{"rendered":"https:\/\/mig-mbh.de\/en-GB\/?page_id=8065"},"modified":"2023-06-29T14:46:21","modified_gmt":"2023-06-29T12:46:21","slug":"warranty","status":"publish","type":"page","link":"https:\/\/mig-mbh.de\/en-GB\/warranty\/","title":{"rendered":"Warranty"},"content":{"rendered":"<h2>Warranty for Defects<\/h2>\n<p>Hiermit gew\u00e4hren wir dem K\u00e4ufer eines Produktes aus dem MIG DHMb<sup>\u00ae<\/sup> Lining Technologie-Systems die gesetzliche M\u00e4ngelgew\u00e4hrleistung lt. den \u00a7\u00a7 434 bis 447 (BGB) und f\u00fcr Endkunden auch nach den \u00a7\u00a7 474 bis 477 (BGB).<\/p>\n<h3>Folgende Produkte sind in dem o.g. System eingeschlossen:<\/h3>\n<ul>\n<li>MIG-ESP<sup>\u00ae<\/sup> Interior (wei\u00df und eingef\u00e4rbt)<\/li>\n<li>MIG-ESP<sup>\u00ae<\/sup> Exterior (wei\u00df und eingef\u00e4rbt)<\/li>\n<li>MIG-ESP<sup>\u00ae<\/sup> Primer<\/li>\n<li>MIG-ESP<sup>\u00ae<\/sup> Sealing Primer<\/li>\n<li>MIG-ESP<sup>\u00ae<\/sup> Primer quarzgef\u00fcllt<\/li>\n<li>MIG-ESP<sup>\u00ae<\/sup> Special Primer<\/li>\n<li>MIG-ESP<sup>\u00ae<\/sup> M65<\/li>\n<li>MIG-ESP<sup>\u00ae<\/sup> 262<\/li>\n<\/ul>\n<h2>Farbtongarantie<\/h2>\n<p>bei Anstrichen mit<\/p>\n<ul>\n<li>MIG-ESP<sup>\u00ae<\/sup> Interior (Wei\u00df und eingef\u00e4rbt)<\/li>\n<li>MIG-ESP<sup>\u00ae<\/sup> Exterior (Wei\u00df und eingef\u00e4rbt)<br \/>\n(inkl. Primer) gew\u00e4hren wir nach Abschluss der Arbeiten eine 10 Jahre-Farbtongarantie f\u00fcr pigmentbedingte Ver\u00e4nderungen.<\/li>\n<\/ul>\n<h3>Anspr\u00fcche aus dieser 10-j\u00e4hrigen Garantie bestehen nur, wenn<\/h3>\n<ul>\n<li>die Beschichtung entsprechend der zum Zeitpunkt der Verarbeitung g\u00fcltigen technischen Beschichtungsvorgaben von MIG mbH verarbeitet wurde<\/li>\n<li>die Beschichtung durch ein Fachunternehmen (z.B. Maler- oder Stuckateurbetrieb) ausgef\u00fchrt wurde<\/li>\n<li>die Beschichtung auf geeigneten Untergr\u00fcnden und Fl\u00e4chen ausgef\u00fchrt wurde,<\/li>\n<li>Konstruktion, Verarbeitung und Beschichtung den allgemein anerkannten Regeln der Technik entsprechen<\/li>\n<li>es sich um keinen Fehler\/Schaden handelt, der auf h\u00f6here Gewalt, mechanische Einwirkung (z. B. unsachgem\u00e4\u00dfe Benutzung, Hagelschlag) oder Verschmutzung zur\u00fcckzuf\u00fchren ist<\/li>\n<li>die Bauteile sowie das MIG-ESP<sup>\u00ae<\/sup> Beschichtungssystem keine Merkmale aufweisen, die auf unsachgem\u00e4\u00dfe Nachbesserungsma\u00dfnahmen schlie\u00dfen lassen (unsachgem\u00e4\u00dfe Nachbesserungsma\u00dfnahmen sind insbesondere solche, die nicht mit den Beschichtungssystemen von MIG mbH oder die nicht den zum Zeitpunkt der Nachbesserungsma\u00dfnahme aktuellen Stand der Technik entsprechend ausgef\u00fchrt wurden).<\/li>\n<\/ul>\n<p style=\"text-align: right;\"><em>Stand: 30.11.2018<\/em><\/p>\n<div class=\"shariff\"><ul class=\"shariff-buttons theme-default orientation-horizontal buttonsize-medium\"><li class=\"shariff-button twitter shariff-nocustomcolor\" style=\"background-color:#1e3050\"><a href=\"https:\/\/twitter.com\/share?url=https%3A%2F%2Fmig-mbh.de%2Fen-GB%2Fwarranty%2F&text=Warranty\" title=\"Share on X (Twitter)\" aria-label=\"Share on X (Twitter)\" role=\"button\" rel=\"noreferrernoopener nofollow\" class=\"shariff-link\" style=\"; background-color:#000000; color:#fff\" target=\"_blank\"><span class=\"shariff-icon\" style=\"\"><svg xmlns=\"http:\/\/www.w3.org\/2000\/svg\" height=\"1em\" viewBox=\"0 0 512 512\"><!--! Font Awesome Free 6.4.2 by @fontawesome - https:\/\/fontawesome.com License - https:\/\/fontawesome.com\/license (Commercial License) Copyright 2023 Fonticons, Inc. --><style>svg{fill:#ffffff}<\/style><path d=\"M389.2 48h70.6L305.6 224.2 487 464H345L233.7 318.6 106.5 464H35.8L200.7 275.5 26.8 48H172.4L272.9 180.9 389.2 48zM364.4 421.8h39.1L151.1 88h-42L364.4 421.8z\"\/><\/svg><\/span><span class=\"shariff-text\">tweet<\/span>&nbsp;<\/a><\/li><li class=\"shariff-button facebook shariff-nocustomcolor\" style=\"background-color:#4273c8\"><a href=\"https:\/\/www.facebook.com\/sharer\/sharer.php?u=https%3A%2F%2Fmig-mbh.de%2Fen-GB%2Fwarranty%2F\" title=\"Share on Facebook\" aria-label=\"Share on Facebook\" role=\"button\" rel=\"noreferrernoopener nofollow\" class=\"shariff-link\" style=\"; background-color:#3b5998; color:#fff\" target=\"_blank\"><span class=\"shariff-icon\" style=\"\"><svg width=\"32px\" height=\"20px\" xmlns=\"http:\/\/www.w3.org\/2000\/svg\" viewBox=\"0 0 18 32\"><path fill=\"#3b5998\" d=\"M17.1 0.2v4.7h-2.8q-1.5 0-2.1 0.6t-0.5 1.9v3.4h5.2l-0.7 5.3h-4.5v13.6h-5.5v-13.6h-4.5v-5.3h4.5v-3.9q0-3.3 1.9-5.2t5-1.8q2.6 0 4.1 0.2z\"\/><\/svg><\/span><span class=\"shariff-text\">share<\/span>&nbsp;<\/a><\/li><li class=\"shariff-button xing shariff-nocustomcolor\" style=\"background-color:#29888a\"><a href=\"https:\/\/www.xing.com\/spi\/shares\/new?url=https%3A%2F%2Fmig-mbh.de%2Fen-GB%2Fwarranty%2F\" title=\"Share on XING\" aria-label=\"Share on XING\" role=\"button\" rel=\"noreferrernoopener nofollow\" class=\"shariff-link\" style=\"; background-color:#126567; color:#fff\" target=\"_blank\"><span class=\"shariff-icon\" style=\"\"><svg width=\"32px\" height=\"20px\" xmlns=\"http:\/\/www.w3.org\/2000\/svg\" viewBox=\"0 0 25 32\"><path fill=\"#126567\" d=\"M10.7 11.9q-0.2 0.3-4.6 8.2-0.5 0.8-1.2 0.8h-4.3q-0.4 0-0.5-0.3t0-0.6l4.5-8q0 0 0 0l-2.9-5q-0.2-0.4 0-0.7 0.2-0.3 0.5-0.3h4.3q0.7 0 1.2 0.8zM25.1 0.4q0.2 0.3 0 0.7l-9.4 16.7 6 11q0.2 0.4 0 0.6-0.2 0.3-0.6 0.3h-4.3q-0.7 0-1.2-0.8l-6-11.1q0.3-0.6 9.5-16.8 0.4-0.8 1.2-0.8h4.3q0.4 0 0.5 0.3z\"\/><\/svg><\/span><span class=\"shariff-text\">share<\/span>&nbsp;<\/a><\/li><li class=\"shariff-button linkedin shariff-nocustomcolor\" style=\"background-color:#1488bf\"><a href=\"https:\/\/www.linkedin.com\/sharing\/share-offsite\/?url=https%3A%2F%2Fmig-mbh.de%2Fen-GB%2Fwarranty%2F\" title=\"Share on LinkedIn\" aria-label=\"Share on LinkedIn\" role=\"button\" rel=\"noreferrernoopener nofollow\" class=\"shariff-link\" style=\"; background-color:#0077b5; color:#fff\" target=\"_blank\"><span class=\"shariff-icon\" style=\"\"><svg width=\"32px\" height=\"20px\" xmlns=\"http:\/\/www.w3.org\/2000\/svg\" viewBox=\"0 0 27 32\"><path fill=\"#0077b5\" d=\"M6.2 11.2v17.7h-5.9v-17.7h5.9zM6.6 5.7q0 1.3-0.9 2.2t-2.4 0.9h0q-1.5 0-2.4-0.9t-0.9-2.2 0.9-2.2 2.4-0.9 2.4 0.9 0.9 2.2zM27.4 18.7v10.1h-5.9v-9.5q0-1.9-0.7-2.9t-2.3-1.1q-1.1 0-1.9 0.6t-1.2 1.5q-0.2 0.5-0.2 1.4v9.9h-5.9q0-7.1 0-11.6t0-5.3l0-0.9h5.9v2.6h0q0.4-0.6 0.7-1t1-0.9 1.6-0.8 2-0.3q3 0 4.9 2t1.9 6z\"\/><\/svg><\/span><span class=\"shariff-text\">share<\/span>&nbsp;<\/a><\/li><li class=\"shariff-button printer shariff-nocustomcolor\" style=\"background-color:#a8a8a8\"><a href=\"javascript:window.print()\" title=\"print\" aria-label=\"print\" role=\"button\" rel=\"noreferrernoopener nofollow\" class=\"shariff-link\" style=\"; background-color:#999; color:#fff\"><span class=\"shariff-icon\" style=\"\"><svg width=\"32px\" height=\"20px\" xmlns=\"http:\/\/www.w3.org\/2000\/svg\" viewBox=\"0 0 30 32\"><path fill=\"#999\" d=\"M6.8 27.4h16v-4.6h-16v4.6zM6.8 16h16v-6.8h-2.8q-0.7 0-1.2-0.5t-0.5-1.2v-2.8h-11.4v11.4zM27.4 17.2q0-0.5-0.3-0.8t-0.8-0.4-0.8 0.4-0.3 0.8 0.3 0.8 0.8 0.3 0.8-0.3 0.3-0.8zM29.7 17.2v7.4q0 0.2-0.2 0.4t-0.4 0.2h-4v2.8q0 0.7-0.5 1.2t-1.2 0.5h-17.2q-0.7 0-1.2-0.5t-0.5-1.2v-2.8h-4q-0.2 0-0.4-0.2t-0.2-0.4v-7.4q0-1.4 1-2.4t2.4-1h1.2v-9.7q0-0.7 0.5-1.2t1.2-0.5h12q0.7 0 1.6 0.4t1.3 0.8l2.7 2.7q0.5 0.5 0.9 1.4t0.4 1.6v4.6h1.1q1.4 0 2.4 1t1 2.4z\"\/><\/svg><\/span><span class=\"shariff-text\">print<\/span>&nbsp;<\/a><\/li><li class=\"shariff-button whatsapp shariff-nocustomcolor\" style=\"background-color:#5cbe4a\"><a href=\"https:\/\/api.whatsapp.com\/send?text=https%3A%2F%2Fmig-mbh.de%2Fen-GB%2Fwarranty%2F%20Warranty\" title=\"Share on Whatsapp\" aria-label=\"Share on Whatsapp\" role=\"button\" rel=\"noreferrernoopener nofollow\" class=\"shariff-link\" style=\"; background-color:#34af23; color:#fff\" target=\"_blank\"><span class=\"shariff-icon\" style=\"\"><svg width=\"32px\" height=\"20px\" xmlns=\"http:\/\/www.w3.org\/2000\/svg\" viewBox=\"0 0 32 32\"><path fill=\"#34af23\" d=\"M17.6 17.4q0.2 0 1.7 0.8t1.6 0.9q0 0.1 0 0.3 0 0.6-0.3 1.4-0.3 0.7-1.3 1.2t-1.8 0.5q-1 0-3.4-1.1-1.7-0.8-3-2.1t-2.6-3.3q-1.3-1.9-1.3-3.5v-0.1q0.1-1.6 1.3-2.8 0.4-0.4 0.9-0.4 0.1 0 0.3 0t0.3 0q0.3 0 0.5 0.1t0.3 0.5q0.1 0.4 0.6 1.6t0.4 1.3q0 0.4-0.6 1t-0.6 0.8q0 0.1 0.1 0.3 0.6 1.3 1.8 2.4 1 0.9 2.7 1.8 0.2 0.1 0.4 0.1 0.3 0 1-0.9t0.9-0.9zM14 26.9q2.3 0 4.3-0.9t3.6-2.4 2.4-3.6 0.9-4.3-0.9-4.3-2.4-3.6-3.6-2.4-4.3-0.9-4.3 0.9-3.6 2.4-2.4 3.6-0.9 4.3q0 3.6 2.1 6.6l-1.4 4.2 4.3-1.4q2.8 1.9 6.2 1.9zM14 2.2q2.7 0 5.2 1.1t4.3 2.9 2.9 4.3 1.1 5.2-1.1 5.2-2.9 4.3-4.3 2.9-5.2 1.1q-3.5 0-6.5-1.7l-7.4 2.4 2.4-7.2q-1.9-3.2-1.9-6.9 0-2.7 1.1-5.2t2.9-4.3 4.3-2.9 5.2-1.1z\"\/><\/svg><\/span><span class=\"shariff-text\">share<\/span>&nbsp;<\/a><\/li><\/ul><\/div>","protected":false},"excerpt":{"rendered":"<p>Warranty for Defects Hiermit gew\u00e4hren wir dem K\u00e4ufer eines Produktes aus dem MIG DHMb\u00ae Lining Technologie-Systems die gesetzliche M\u00e4ngelgew\u00e4hrleistung lt. den \u00a7\u00a7 434 bis 447 (BGB) und f\u00fcr Endkunden auch nach den \u00a7\u00a7 474 bis 477 (BGB). Folgende Produkte sind in dem o.g. System eingeschlossen: MIG-ESP\u00ae Interior (wei\u00df und eingef\u00e4rbt) MIG-ESP\u00ae Exterior (wei\u00df und eingef\u00e4rbt) [&hellip;]<\/p>\n","protected":false},"author":1,"featured_media":0,"parent":0,"menu_order":0,"comment_status":"closed","ping_status":"closed","template":"","meta":{"_acf_changed":false,"site-sidebar-layout":"default","site-content-layout":"default","ast-site-content-layout":"default","site-content-style":"default","site-sidebar-style":"default","ast-global-header-display":"","ast-banner-title-visibility":"","ast-main-header-display":"","ast-hfb-above-header-display":"","ast-hfb-below-header-display":"","ast-hfb-mobile-header-display":"","site-post-title":"","ast-breadcrumbs-content":"","ast-featured-img":"","footer-sml-layout":"","ast-disable-related-posts":"","theme-transparent-header-meta":"default","adv-header-id-meta":"","stick-header-meta":"default","header-above-stick-meta":"","header-main-stick-meta":"","header-below-stick-meta":"","astra-migrate-meta-layouts":"default","ast-page-background-enabled":"default","ast-page-background-meta":{"desktop":{"background-color":"","background-image":"","background-repeat":"repeat","background-position":"center center","background-size":"auto","background-attachment":"scroll","background-type":"","background-media":"","overlay-type":"","overlay-color":"","overlay-opacity":"","overlay-gradient":""},"tablet":{"background-color":"","background-image":"","background-repeat":"repeat","background-position":"center center","background-size":"auto","background-attachment":"scroll","background-type":"","background-media":"","overlay-type":"","overlay-color":"","overlay-opacity":"","overlay-gradient":""},"mobile":{"background-color":"","background-image":"","background-repeat":"repeat","background-position":"center center","background-size":"auto","background-attachment":"scroll","background-type":"","background-media":"","overlay-type":"","overlay-color":"","overlay-opacity":"","overlay-gradient":""}},"ast-content-background-meta":{"desktop":{"background-color":"var(--ast-global-color-5)","background-image":"","background-repeat":"repeat","background-position":"center center","background-size":"auto","background-attachment":"scroll","background-type":"","background-media":"","overlay-type":"","overlay-color":"","overlay-opacity":"","overlay-gradient":""},"tablet":{"background-color":"var(--ast-global-color-5)","background-image":"","background-repeat":"repeat","background-position":"center center","background-size":"auto","background-attachment":"scroll","background-type":"","background-media":"","overlay-type":"","overlay-color":"","overlay-opacity":"","overlay-gradient":""},"mobile":{"background-color":"var(--ast-global-color-5)","background-image":"","background-repeat":"repeat","background-position":"center center","background-size":"auto","background-attachment":"scroll","background-type":"","background-media":"","overlay-type":"","overlay-color":"","overlay-opacity":"","overlay-gradient":""}},"footnotes":""},"categories":[236],"tags":[],"class_list":["post-8065","page","type-page","status-publish","hentry","category-mig-info"],"acf":[],"_links":{"self":[{"href":"https:\/\/mig-mbh.de\/en-GB\/wp-json\/wp\/v2\/pages\/8065","targetHints":{"allow":["GET"]}}],"collection":[{"href":"https:\/\/mig-mbh.de\/en-GB\/wp-json\/wp\/v2\/pages"}],"about":[{"href":"https:\/\/mig-mbh.de\/en-GB\/wp-json\/wp\/v2\/types\/page"}],"author":[{"embeddable":true,"href":"https:\/\/mig-mbh.de\/en-GB\/wp-json\/wp\/v2\/users\/1"}],"replies":[{"embeddable":true,"href":"https:\/\/mig-mbh.de\/en-GB\/wp-json\/wp\/v2\/comments?post=8065"}],"version-history":[{"count":1,"href":"https:\/\/mig-mbh.de\/en-GB\/wp-json\/wp\/v2\/pages\/8065\/revisions"}],"predecessor-version":[{"id":8066,"href":"https:\/\/mig-mbh.de\/en-GB\/wp-json\/wp\/v2\/pages\/8065\/revisions\/8066"}],"wp:attachment":[{"href":"https:\/\/mig-mbh.de\/en-GB\/wp-json\/wp\/v2\/media?parent=8065"}],"wp:term":[{"taxonomy":"category","embeddable":true,"href":"https:\/\/mig-mbh.de\/en-GB\/wp-json\/wp\/v2\/categories?post=8065"},{"taxonomy":"post_tag","embeddable":true,"href":"https:\/\/mig-mbh.de\/en-GB\/wp-json\/wp\/v2\/tags?post=8065"}],"curies":[{"name":"wp","href":"https:\/\/api.w.org\/{rel}","templated":true}]}}